{"id":83,"date":"2026-04-29T08:03:27","date_gmt":"2026-04-29T08:03:27","guid":{"rendered":"https:\/\/www.elated-feistel.185-49-148-103.plesk.page\/?page_id=83"},"modified":"2026-04-29T09:23:26","modified_gmt":"2026-04-29T09:23:26","slug":"strona-glowna","status":"publish","type":"page","link":"https:\/\/www.elated-feistel.185-49-148-103.plesk.page\/index.php\/strona-glowna\/","title":{"rendered":"Strona g\u0142\u00f3wna"},"content":{"rendered":"\t\t<div data-elementor-type=\"wp-post\" data-elementor-id=\"83\" class=\"elementor elementor-83\">\n\t\t\t\t\t\t<div class=\"elementor-element elementor-element-212cc01 e-con e-atomic-element e-div-block-base e-212cc01-59ed459\" data-id=\"212cc01\" data-element_type=\"e-div-block\" data-e-type=\"e-div-block\" data-interaction-id=\"212cc01\">\n\t\t\t\t\t\t\t<h1 \n\t\tdata-interaction-id=\"6519004\" \n\t\tclass=\"e-6519004-f56b7e2 e-heading-base\" \n\t\t \n\t\t\n\t>\n\t\n\t\t\tKosmos i Technologie\n\t\t<\/h1>\n\t\t\t\t<\/div>\n\t\t\t\t<div class=\"elementor-element elementor-element-50bccfd e-con e-atomic-element e-flexbox-base\" data-id=\"50bccfd\" data-element_type=\"e-flexbox\" data-e-type=\"e-flexbox\" data-interaction-id=\"50bccfd\">\n\t\t\t\t\t\t\t\t<p class=\"e-paragraph-base\" data-interaction-id=\"8d9e078\"  >\n\t\t\t\t\t\t\t\tKosmos to <strong>kluczowy obszar rozwoju nowoczesnych technologii, kt\u00f3re rewolucjonizuj\u0105 nasze codzienne \u017cycie, od nawigacji GPS i \u0142\u0105czno\u015bci satelitarnej po telemedycyn\u0119 i zaawansowane materia\u0142y<\/strong>. Eksploracja przestrzeni kosmicznej nap\u0119dza innowacje, w tym systemy teledetekcji, robotyk\u0119 oraz fotowoltaik\u0119, kt\u00f3re maj\u0105 bezpo\u015brednie zastosowanie w gospodarce i bezpiecze\u0144stwie narodowym.\n\t\t\t\t\t<\/p>\n\t\t\t\t<\/div>\n\t\t\t\t<\/div>\n\t\t","protected":false},"excerpt":{"rendered":"<p>Kosmos i Technologie Kosmos to kluczowy obszar rozwoju nowoczesnych technologii, kt\u00f3re rewolucjonizuj\u0105 nasze codzienne \u017cycie, od nawigacji GPS i \u0142\u0105czno\u015bci [&hellip;]<\/p>\n","protected":false},"author":1,"featured_media":0,"parent":0,"menu_order":0,"comment_status":"closed","ping_status":"closed","template":"","meta":{"site-sidebar-layout":"no-sidebar","site-content-layout":"","ast-site-content-layout":"full-width-container","site-content-style":"default","site-sidebar-style":"default","ast-global-header-display":"","ast-banner-title-visibility":"","ast-main-header-display":"","ast-hfb-above-header-display":"","ast-hfb-below-header-display":"","ast-hfb-mobile-header-display":"","site-post-title":"","ast-breadcrumbs-content":"","ast-featured-img":"disabled","footer-sml-layout":"","ast-disable-related-posts":"","theme-transparent-header-meta":"","adv-header-id-meta":"","stick-header-meta":"","header-above-stick-meta":"","header-main-stick-meta":"","header-below-stick-meta":"","astra-migrate-meta-layouts":"default","ast-page-background-enabled":"default","ast-page-background-meta":{"desktop":{"background-color":"var(--ast-global-color-5)","background-image":"","background-repeat":"repeat","background-position":"center center","background-size":"auto","background-attachment":"scroll","background-type":"","background-media":"","overlay-type":"","overlay-color":"","overlay-opacity":"","overlay-gradient":""},"tablet":{"background-color":"","background-image":"","background-repeat":"repeat","background-position":"center center","background-size":"auto","background-attachment":"scroll","background-type":"","background-media":"","overlay-type":"","overlay-color":"","overlay-opacity":"","overlay-gradient":""},"mobile":{"background-color":"","background-image":"","background-repeat":"repeat","background-position":"center center","background-size":"auto","background-attachment":"scroll","background-type":"","background-media":"","overlay-type":"","overlay-color":"","overlay-opacity":"","overlay-gradient":""}},"ast-content-background-meta":{"desktop":{"background-color":"var(--ast-global-color-4)","background-image":"","background-repeat":"repeat","background-position":"center center","background-size":"auto","background-attachment":"scroll","background-type":"","background-media":"","overlay-type":"","overlay-color":"","overlay-opacity":"","overlay-gradient":""},"tablet":{"background-color":"var(--ast-global-color-4)","background-image":"","background-repeat":"repeat","background-position":"center center","background-size":"auto","background-attachment":"scroll","background-type":"","background-media":"","overlay-type":"","overlay-color":"","overlay-opacity":"","overlay-gradient":""},"mobile":{"background-color":"var(--ast-global-color-4)","background-image":"","background-repeat":"repeat","background-position":"center center","background-size":"auto","background-attachment":"scroll","background-type":"","background-media":"","overlay-type":"","overlay-color":"","overlay-opacity":"","overlay-gradient":""}},"footnotes":""},"class_list":["post-83","page","type-page","status-publish","hentry"],"_links":{"self":[{"href":"https:\/\/www.elated-feistel.185-49-148-103.plesk.page\/index.php\/wp-json\/wp\/v2\/pages\/83","targetHints":{"allow":["GET"]}}],"collection":[{"href":"https:\/\/www.elated-feistel.185-49-148-103.plesk.page\/index.php\/wp-json\/wp\/v2\/pages"}],"about":[{"href":"https:\/\/www.elated-feistel.185-49-148-103.plesk.page\/index.php\/wp-json\/wp\/v2\/types\/page"}],"author":[{"embeddable":true,"href":"https:\/\/www.elated-feistel.185-49-148-103.plesk.page\/index.php\/wp-json\/wp\/v2\/users\/1"}],"replies":[{"embeddable":true,"href":"https:\/\/www.elated-feistel.185-49-148-103.plesk.page\/index.php\/wp-json\/wp\/v2\/comments?post=83"}],"version-history":[{"count":8,"href":"https:\/\/www.elated-feistel.185-49-148-103.plesk.page\/index.php\/wp-json\/wp\/v2\/pages\/83\/revisions"}],"predecessor-version":[{"id":116,"href":"https:\/\/www.elated-feistel.185-49-148-103.plesk.page\/index.php\/wp-json\/wp\/v2\/pages\/83\/revisions\/116"}],"wp:attachment":[{"href":"https:\/\/www.elated-feistel.185-49-148-103.plesk.page\/index.php\/wp-json\/wp\/v2\/media?parent=83"}],"curies":[{"name":"wp","href":"https:\/\/api.w.org\/{rel}","templated":true}]}}